{"id":1415,"date":"2024-01-02T17:29:19","date_gmt":"2024-01-02T16:29:19","guid":{"rendered":"https:\/\/www.camping-masdenicolas.com\/?page_id=1415"},"modified":"2025-03-17T09:48:13","modified_gmt":"2025-03-17T08:48:13","slug":"veelgestelde-vragen","status":"publish","type":"page","link":"https:\/\/www.camping-masdenicolas.com\/nl\/veelgestelde-vragen\/","title":{"rendered":"Veelgestelde vragen"},"content":{"rendered":"\n<div class=\"is-layout-constrained wp-block-group\">\n<h1>Veelgestelde vragen<\/h1>\n\n\n\n<div class=\"wp-block-fc-gut-accordeon fc-desk\"><p class=\"has-text-align-left btn-accordeon\">Wanneer is de camping open?<\/p><div class=\"content-accordeon\">\n<p>Wij zijn geopend van 1 april tot 11 oktober 2025.<\/p>\n<\/div><\/div>\n\n\n\n<div class=\"wp-block-fc-gut-accordeon fc-desk\"><p class=\"has-text-align-left btn-accordeon\">Hoe kan ik boeken?<\/p><div class=\"content-accordeon\">\n<p>Je kunt online boeken op onze website, elke dag zodra de boekingen opengaan, door <a href=\"https:\/\/www.camping-masdenicolas.com\/nl\/\" data-type=\"page\" data-id=\"1471\">hier<\/a> te klikken.<\/p>\n<\/div><\/div>\n\n\n\n<div class=\"wp-block-fc-gut-accordeon fc-desk\"><p class=\"has-text-align-left btn-accordeon\">Hoe kan ik contact met u opnemen?<\/p><div class=\"content-accordeon\">\n<p>Je kunt contact met ons opnemen per telefoon op 04 90 92 27 05 of per e-mail <a href=\"mailto:contact@camping-masdenicolas.com\">contact@camping-masdenicolas.com.<\/a><\/p>\n<\/div><\/div>\n\n\n\n<div class=\"wp-block-fc-gut-accordeon fc-desk\"><p class=\"has-text-align-left btn-accordeon\">Welke betalingsmethoden worden geaccepteerd?<\/p><div class=\"content-accordeon\">\n<p>We accepteren contant geld ter plaatse, creditcards, bankoverschrijvingen, Franse bankcheques, ANCV en ANCV Connect vakantiecheques.<\/p>\n<\/div><\/div>\n\n\n\n<div class=\"wp-block-fc-gut-accordeon fc-desk\"><p class=\"has-text-align-left btn-accordeon\">Wanneer moet ik het saldo betalen?<\/p><div class=\"content-accordeon\">\n<p>Het restbedrag moet 30 dagen voor aankomst worden betaald.<\/p>\n<\/div><\/div>\n\n\n\n<div class=\"wp-block-fc-gut-accordeon fc-desk\"><p class=\"has-text-align-left btn-accordeon\">Welke diensten zijn inbegrepen in de prijs voor het huren van een staanplaats voor een tent of camper?<\/p><div class=\"content-accordeon\">\n<p>De huurprijs van de staanplaats is inclusief toegang tot sanitaire voorzieningen, gemeenschappelijke recreatieruimtes en elektriciteit voor campers (10A Europese stopcontacten).<\/p>\n<\/div><\/div>\n\n\n\n<div class=\"wp-block-fc-gut-accordeon fc-desk\"><p class=\"has-text-align-left btn-accordeon\">Zijn huisdieren toegestaan?<\/p><div class=\"content-accordeon\">\n<p>Ja, we accepteren dieren. Voor verhuur is \u00e9\u00e9n huisdier per huur toegestaan, behalve in de luxe categorie\u00ebn waar huisdieren verboden zijn. Honden moeten aangelijnd zijn. Honden van categorie 1 en 2 worden niet geaccepteerd.<\/p>\n<\/div><\/div>\n\n\n\n<div class=\"wp-block-fc-gut-accordeon fc-desk\"><p class=\"has-text-align-left btn-accordeon\">Is er een Wi-Fi-verbinding beschikbaar op het terrein?<\/p><div class=\"content-accordeon\">\n<p>Ja, we bieden gratis Wi-Fi-toegang op de hele camping.<\/p>\n<\/div><\/div>\n\n\n\n<div class=\"wp-block-fc-gut-accordeon fc-desk\"><p class=\"has-text-align-left btn-accordeon\">Is er airconditioning in de accommodatie?<\/p><div class=\"content-accordeon\">\n<p>Ja, al onze accommodaties zijn voorzien van airconditioning.<\/p>\n<\/div><\/div>\n\n\n\n<div class=\"wp-block-fc-gut-accordeon fc-desk\"><p class=\"has-text-align-left btn-accordeon\">Wat is het verschil tussen een chalet en een stacaravan?<\/p><div class=\"content-accordeon\">\n<p>Stacaravans zijn recenter en ruimer dan chalets. De chalets bevinden zich bovenaan de camping.<\/p>\n<\/div><\/div>\n\n\n\n<div class=\"wp-block-fc-gut-accordeon fc-desk\"><p class=\"has-text-align-left btn-accordeon\">Hoe laat moet ik aankomen?<\/p><div class=\"content-accordeon\">\n<p>Aankomst- en vertrektijden voor kampeerplaatsen zijn 12 uur &#8217;s middags. Voor huuraccommodaties is de aankomsttijd vanaf 17.00 uur. Vertrektijd voor huuraccommodaties is maximaal 10 uur &#8217;s ochtends.<\/p>\n<\/div><\/div>\n\n\n\n<div class=\"wp-block-fc-gut-accordeon fc-desk\"><p class=\"has-text-align-left btn-accordeon\">Ik kom te laat, kan ik nog steeds op de camping aankomen?<\/p><div class=\"content-accordeon\">\n<p>Er is een procedure voor late aankomst ingesteld bij de receptie. Als je aankomt na sluitingstijd van de receptie (19.00 uur), breng de receptie dan zo snel mogelijk op de hoogte. Houd er rekening mee dat voertuigen na 23.00 uur de camping niet meer op mogen.<\/p>\n<\/div><\/div>\n\n\n\n<div class=\"wp-block-fc-gut-accordeon fc-desk\"><p class=\"has-text-align-left btn-accordeon\">Wat zijn de openingstijden van het zwembad?<\/p><div class=\"content-accordeon\">\n<p>Het zwembad is geopend van 10.00 tot 19.30 uur en de jacuzzi van 10.00 tot 19.30 uur. Het zwembad is verwarmd.<\/p>\n<\/div><\/div>\n\n\n\n<div class=\"wp-block-fc-gut-accordeon fc-desk\"><p class=\"has-text-align-left btn-accordeon\">Zijn zwemshorts toegestaan in het zwembad?<\/p><div class=\"content-accordeon\">\n<p>Ja, zwemshorts zijn toegestaan in het zwembad.<\/p>\n<\/div><\/div>\n\n\n\n<div class=\"wp-block-fc-gut-accordeon fc-desk\"><p class=\"has-text-align-left btn-accordeon\">Zijn barbecues toegestaan?<\/p><div class=\"content-accordeon\">\n<p>De camping heeft drie houtskoolbarbecues in de buurt van de sanitaire voorzieningen, die vrij toegankelijk zijn voor kampeerders. Hout\/kolenbarbecues zijn niet toegestaan op de staanplaatsen, alleen gas- of elektrische barbecues.<\/p>\n<\/div><\/div>\n\n\n\n<div class=\"wp-block-fc-gut-accordeon fc-desk\"><p class=\"has-text-align-left btn-accordeon\">Kan ik mijn elektrische voertuig opladen?<\/p><div class=\"content-accordeon\">\n<p>Nee, we hebben geen voorzieningen voor het opladen van elektrische voertuigen. Het is ten strengste verboden om je voertuig aan te sluiten op de aansluitingen op de camping.<\/p>\n<\/div><\/div>\n\n\n\n<div class=\"wp-block-fc-gut-accordeon fc-desk\"><p class=\"has-text-align-left btn-accordeon\">Ligt de camping dicht bij het stadscentrum?<\/p><div class=\"content-accordeon\">\n<p>De camping ligt op 10 minuten lopen van het centrum van Saint R\u00e9my de Provence.<\/p>\n<\/div><\/div>\n<\/div>\n","protected":false},"excerpt":{"rendered":"<p>Veelgestelde vragen<\/p>\n","protected":false},"author":1,"featured_media":0,"parent":0,"menu_order":0,"comment_status":"closed","ping_status":"closed","template":"","meta":[],"acf":[],"_links":{"self":[{"href":"https:\/\/www.camping-masdenicolas.com\/nl\/wp-json\/wp\/v2\/pages\/1415"}],"collection":[{"href":"https:\/\/www.camping-masdenicolas.com\/nl\/wp-json\/wp\/v2\/pages"}],"about":[{"href":"https:\/\/www.camping-masdenicolas.com\/nl\/wp-json\/wp\/v2\/types\/page"}],"author":[{"embeddable":true,"href":"https:\/\/www.camping-masdenicolas.com\/nl\/wp-json\/wp\/v2\/users\/1"}],"replies":[{"embeddable":true,"href":"https:\/\/www.camping-masdenicolas.com\/nl\/wp-json\/wp\/v2\/comments?post=1415"}],"version-history":[{"count":5,"href":"https:\/\/www.camping-masdenicolas.com\/nl\/wp-json\/wp\/v2\/pages\/1415\/revisions"}],"predecessor-version":[{"id":3143,"href":"https:\/\/www.camping-masdenicolas.com\/nl\/wp-json\/wp\/v2\/pages\/1415\/revisions\/3143"}],"wp:attachment":[{"href":"https:\/\/www.camping-masdenicolas.com\/nl\/wp-json\/wp\/v2\/media?parent=1415"}],"curies":[{"name":"wp","href":"https:\/\/api.w.org\/{rel}","templated":true}]}}