{"id":1385,"date":"2024-01-02T17:29:19","date_gmt":"2024-01-02T16:29:19","guid":{"rendered":"https:\/\/www.camping-masdenicolas.com\/?page_id=1385"},"modified":"2025-03-17T10:01:06","modified_gmt":"2025-03-17T09:01:06","slug":"sunelia","status":"publish","type":"page","link":"https:\/\/www.camping-masdenicolas.com\/nl\/sunelia\/","title":{"rendered":"Sun\u00ealia"},"content":{"rendered":"\n<div class=\"is-layout-flow wp-block-group alignfull diaporama-header\">\n<figure class=\"is-layout-flex wp-block-gallery-1 wp-block-gallery has-nested-images columns-default is-cropped fc-full\">\n<figure class=\"wp-block-image size-full fc-full\"><img decoding=\"async\" loading=\"lazy\" width=\"1920\" height=\"1280\" src=\"https:\/\/www.camping-masdenicolas.com\/wp-content\/uploads\/2023\/11\/artur-aldyrkhanov-KR0Dvou4qdw-unsplash.jpg\" alt=\"\" class=\"wp-image-400\" srcset=\"https:\/\/www.camping-masdenicolas.com\/wp-content\/uploads\/2023\/11\/artur-aldyrkhanov-KR0Dvou4qdw-unsplash.jpg 1920w, https:\/\/www.camping-masdenicolas.com\/wp-content\/uploads\/2023\/11\/artur-aldyrkhanov-KR0Dvou4qdw-unsplash-300x200.jpg 300w, https:\/\/www.camping-masdenicolas.com\/wp-content\/uploads\/2023\/11\/artur-aldyrkhanov-KR0Dvou4qdw-unsplash-1024x683.jpg 1024w, https:\/\/www.camping-masdenicolas.com\/wp-content\/uploads\/2023\/11\/artur-aldyrkhanov-KR0Dvou4qdw-unsplash-768x512.jpg 768w, https:\/\/www.camping-masdenicolas.com\/wp-content\/uploads\/2023\/11\/artur-aldyrkhanov-KR0Dvou4qdw-unsplash-1536x1024.jpg 1536w\" sizes=\"(max-width: 1920px) 100vw, 1920px\" title=\"\"><\/figure>\n<\/figure>\n<\/div>\n\n\n\n<div class=\"is-layout-flex wp-container-8 wp-block-columns M-15 deco--arbre2\">\n<div class=\"is-layout-flow wp-block-column is-vertically-aligned-center\" style=\"flex-basis:32%\">\n<h1 class=\"h3\">Sun\u00ealia, de belofte van een idyllische vakantie  <\/h1>\n\n\n\n<p>Met meer dan dertig onafhankelijke campings <strong>verenigt het Sun\u00ealia netwerk een familie van <\/strong>eigenaars die <strong>dezelfde drang naar innovatie <\/strong>en <strong>dezelfde hoge kwaliteitsnormen<\/strong> delen.<\/p>\n\n\n\n<div class=\"wp-block-fc-gut-lire-plus fc-mob\"><p class=\"has-text-align-left btn-lire-plus\">Meer lezen<\/p><div class=\"content-lire-plus\">\n<p>Alle campings van Sun\u00ealia liggen in Frankrijk, Spanje, Itali\u00eb en Nederland en hebben \u00e9\u00e9n ding gemeen: een rijke en complete bestemming, diensten van topklasse zonder compromissen op het gebied van comfort en hoteldiensten.<\/p>\n<\/div><\/div>\n\n\n\n<h2 class=\"h3 has-marron-color has-text-color\">Welkom in de wereld van Sun\u00ealia<\/h2>\n\n\n\n<h3 class=\"h4\">Vraag naar uitmuntendheid<\/h3>\n\n\n\n<p>Kiezen voor Sun\u00ealia betekent kiezen voor kwaliteit. <strong>De groep<\/strong> bestaat uit campings met slechts 4 of 5 Kevers* en <strong>streeft ernaar om ervaringen te bieden die je verwachtingen overtreffen<\/strong>. Van het landschap tot de catering en de kwaliteit van het beddengoed, elk detail telt.  <\/p>\n\n\n\n<div class=\"wp-block-fc-gut-lire-plus fc-mob\"><p class=\"has-text-align-left btn-lire-plus\">Meer lezen<\/p><div class=\"content-lire-plus\">\n<p>Wist je dat? In Sun\u00ealia is de dichtheid van de accommodatie 50% lager dan de normen die gelden voor de 5-sterrencategorie. Omdat we allemaal dromen van de ruimte.  <\/p>\n\n\n\n<p><em>(*) Elk jaar voert een onafhankelijke firma een audit uit op basis van 523 criteria. Dit veeleisende systeem maakt het mogelijk om een merkspecifieke ranglijst op te stellen, uitgedrukt in het aantal lieveheersbeestjes.<\/em><\/p>\n\n\n\n<div class=\"wp-block-fc-gut-lire-plus fc-desk\"><p class=\"has-text-align-left btn-lire-plus\">Meer lezen<\/p><div class=\"content-lire-plus\">\n<h3 class=\"h4\">Kies voor gemoedsrust<\/h3>\n\n\n\n<p>Vakantie is de perfecte tijd om los te laten en nieuwe energie op te doen. Sun\u00ealia begrijpt dit: de organisatie zal soepel verlopen en uw verblijf zal naadloos zijn. Welk <strong>gamma u<\/strong> ook <strong>kiest (Comfort, Prestige of Luxe), aan de diensten wordt dezelfde zorg besteed<\/strong>. Een beetje extra hulp: onze <em>annuleringsgarantie<\/em> en <em>zonaanbieding<\/em> zijn beschikbaar voor alle boekingen.<\/p>\n\n\n\n<p><em>Ons advies?<\/em>  Als u lid wordt van de Sun\u00ealia Privilege Club profiteert u van verschillende aanbiedingen en voordelen, tot en met een gratis verblijf.<\/p>\n\n\n\n<h3 class=\"h4\">Proef het zout van de vrijheid<\/h3>\n\n\n\n<p>Ben je een fan van mediterrane stranden? Of ben je meer fan van bestemmingen in het binnenland? Droom je van een offline vakantie? Of ben je misschien van plan om elke dag met je vrolijke stammetje naar het zwembad te gaan? Sun\u00ealia biedt u de mogelijkheid om uw vakantie \u00e0 la carte samen te stellen.  <strong>Kies uw bestemming volgens uw vakantieideaal: op onze Zen campings of op onze Club campings.<\/strong><\/p>\n<\/div><\/div>\n<\/div><\/div>\n<\/div>\n\n\n\n<div class=\"is-layout-flow wp-block-column M-15__galerie\">\n<figure class=\"is-layout-flex wp-block-gallery-5 wp-block-gallery has-nested-images columns-default is-cropped fc-diapo-mob fc-auto\">\n<figure class=\"wp-block-image size-full fc-auto\"><img decoding=\"async\" loading=\"lazy\" width=\"1742\" height=\"2560\" src=\"https:\/\/www.camping-masdenicolas.com\/wp-content\/uploads\/2023\/11\/patrick-boucher-yDv44ZYUys4-unsplash-scaled.jpg\" alt=\"\" class=\"wp-image-470\" srcset=\"https:\/\/www.camping-masdenicolas.com\/wp-content\/uploads\/2023\/11\/patrick-boucher-yDv44ZYUys4-unsplash-scaled.jpg 1742w, https:\/\/www.camping-masdenicolas.com\/wp-content\/uploads\/2023\/11\/patrick-boucher-yDv44ZYUys4-unsplash-204x300.jpg 204w, https:\/\/www.camping-masdenicolas.com\/wp-content\/uploads\/2023\/11\/patrick-boucher-yDv44ZYUys4-unsplash-697x1024.jpg 697w, https:\/\/www.camping-masdenicolas.com\/wp-content\/uploads\/2023\/11\/patrick-boucher-yDv44ZYUys4-unsplash-768x1129.jpg 768w, https:\/\/www.camping-masdenicolas.com\/wp-content\/uploads\/2023\/11\/patrick-boucher-yDv44ZYUys4-unsplash-1045x1536.jpg 1045w, https:\/\/www.camping-masdenicolas.com\/wp-content\/uploads\/2023\/11\/patrick-boucher-yDv44ZYUys4-unsplash-1393x2048.jpg 1393w\" sizes=\"(max-width: 1742px) 100vw, 1742px\" title=\"\"><\/figure>\n\n\n\n<figure class=\"wp-block-image size-full fc-auto\"><img decoding=\"async\" loading=\"lazy\" width=\"1440\" height=\"2560\" src=\"https:\/\/www.camping-masdenicolas.com\/wp-content\/uploads\/2023\/11\/gerti-gjuzi-MqUyb2TNOWU-unsplash-scaled.jpg\" alt=\"\" class=\"wp-image-491\" srcset=\"https:\/\/www.camping-masdenicolas.com\/wp-content\/uploads\/2023\/11\/gerti-gjuzi-MqUyb2TNOWU-unsplash-scaled.jpg 1440w, https:\/\/www.camping-masdenicolas.com\/wp-content\/uploads\/2023\/11\/gerti-gjuzi-MqUyb2TNOWU-unsplash-169x300.jpg 169w, https:\/\/www.camping-masdenicolas.com\/wp-content\/uploads\/2023\/11\/gerti-gjuzi-MqUyb2TNOWU-unsplash-576x1024.jpg 576w, https:\/\/www.camping-masdenicolas.com\/wp-content\/uploads\/2023\/11\/gerti-gjuzi-MqUyb2TNOWU-unsplash-768x1365.jpg 768w, https:\/\/www.camping-masdenicolas.com\/wp-content\/uploads\/2023\/11\/gerti-gjuzi-MqUyb2TNOWU-unsplash-864x1536.jpg 864w, https:\/\/www.camping-masdenicolas.com\/wp-content\/uploads\/2023\/11\/gerti-gjuzi-MqUyb2TNOWU-unsplash-1152x2048.jpg 1152w\" sizes=\"(max-width: 1440px) 100vw, 1440px\" title=\"\"><\/figure>\n\n\n\n<figure class=\"wp-block-image size-full fc-auto\"><img decoding=\"async\" loading=\"lazy\" width=\"1707\" height=\"2560\" src=\"https:\/\/www.camping-masdenicolas.com\/wp-content\/uploads\/2023\/11\/laura-v-U2CkWFbVapw-unsplash-scaled.jpg\" alt=\"\" class=\"wp-image-488\" srcset=\"https:\/\/www.camping-masdenicolas.com\/wp-content\/uploads\/2023\/11\/laura-v-U2CkWFbVapw-unsplash-scaled.jpg 1707w, https:\/\/www.camping-masdenicolas.com\/wp-content\/uploads\/2023\/11\/laura-v-U2CkWFbVapw-unsplash-200x300.jpg 200w, https:\/\/www.camping-masdenicolas.com\/wp-content\/uploads\/2023\/11\/laura-v-U2CkWFbVapw-unsplash-683x1024.jpg 683w, https:\/\/www.camping-masdenicolas.com\/wp-content\/uploads\/2023\/11\/laura-v-U2CkWFbVapw-unsplash-768x1152.jpg 768w, https:\/\/www.camping-masdenicolas.com\/wp-content\/uploads\/2023\/11\/laura-v-U2CkWFbVapw-unsplash-1024x1536.jpg 1024w, https:\/\/www.camping-masdenicolas.com\/wp-content\/uploads\/2023\/11\/laura-v-U2CkWFbVapw-unsplash-1365x2048.jpg 1365w\" sizes=\"(max-width: 1707px) 100vw, 1707px\" title=\"\"><\/figure>\n<\/figure>\n\n\n\n<div class=\"wp-block-fc-gut-encart fc-citation\">\n<p>Ontdek Sun\u00ealia!<\/p>\n<\/div>\n<\/div>\n<\/div>\n\n\n\n<div class=\"is-layout-constrained wp-block-group M-20\">\n<figure class=\"wp-block-image size-full hide-mob fc-auto\"><img decoding=\"async\" loading=\"lazy\" width=\"2048\" height=\"633\" src=\"https:\/\/www.camping-masdenicolas.com\/wp-content\/uploads\/2023\/12\/fullsizeoutput_1664.webp\" alt=\"\" class=\"wp-image-917\" srcset=\"https:\/\/www.camping-masdenicolas.com\/wp-content\/uploads\/2023\/12\/fullsizeoutput_1664.webp 2048w, https:\/\/www.camping-masdenicolas.com\/wp-content\/uploads\/2023\/12\/fullsizeoutput_1664-300x93.webp 300w, https:\/\/www.camping-masdenicolas.com\/wp-content\/uploads\/2023\/12\/fullsizeoutput_1664-1024x317.webp 1024w, https:\/\/www.camping-masdenicolas.com\/wp-content\/uploads\/2023\/12\/fullsizeoutput_1664-768x237.webp 768w, https:\/\/www.camping-masdenicolas.com\/wp-content\/uploads\/2023\/12\/fullsizeoutput_1664-1536x475.webp 1536w\" sizes=\"(max-width: 2048px) 100vw, 2048px\" title=\"\"><\/figure>\n\n\n\n<div class=\"is-layout-flex wp-container-14 wp-block-columns reverse-mob\">\n<div class=\"is-layout-flow wp-block-column M-20__galerie\" style=\"flex-basis:56%\">\n<figure class=\"is-layout-flex wp-block-gallery-9 wp-block-gallery has-nested-images columns-default is-cropped fc-diapo fc-auto\">\n<figure class=\"wp-block-image size-full fc-auto\"><img decoding=\"async\" loading=\"lazy\" width=\"1920\" height=\"1080\" src=\"https:\/\/www.camping-masdenicolas.com\/wp-content\/uploads\/2023\/11\/miguel-picq-mE3-lKos5no-unsplash.jpg\" alt=\"\" class=\"wp-image-418\" srcset=\"https:\/\/www.camping-masdenicolas.com\/wp-content\/uploads\/2023\/11\/miguel-picq-mE3-lKos5no-unsplash.jpg 1920w, https:\/\/www.camping-masdenicolas.com\/wp-content\/uploads\/2023\/11\/miguel-picq-mE3-lKos5no-unsplash-300x169.jpg 300w, https:\/\/www.camping-masdenicolas.com\/wp-content\/uploads\/2023\/11\/miguel-picq-mE3-lKos5no-unsplash-1024x576.jpg 1024w, https:\/\/www.camping-masdenicolas.com\/wp-content\/uploads\/2023\/11\/miguel-picq-mE3-lKos5no-unsplash-768x432.jpg 768w, https:\/\/www.camping-masdenicolas.com\/wp-content\/uploads\/2023\/11\/miguel-picq-mE3-lKos5no-unsplash-1536x864.jpg 1536w\" sizes=\"(max-width: 1920px) 100vw, 1920px\" title=\"\"><\/figure>\n\n\n\n<figure class=\"wp-block-image size-full fc-auto\"><img decoding=\"async\" loading=\"lazy\" width=\"1920\" height=\"1276\" src=\"https:\/\/www.camping-masdenicolas.com\/wp-content\/uploads\/2023\/11\/james-orr-gbXSb-bTb84-unsplash.jpg\" alt=\"\" class=\"wp-image-485\" srcset=\"https:\/\/www.camping-masdenicolas.com\/wp-content\/uploads\/2023\/11\/james-orr-gbXSb-bTb84-unsplash.jpg 1920w, https:\/\/www.camping-masdenicolas.com\/wp-content\/uploads\/2023\/11\/james-orr-gbXSb-bTb84-unsplash-300x199.jpg 300w, https:\/\/www.camping-masdenicolas.com\/wp-content\/uploads\/2023\/11\/james-orr-gbXSb-bTb84-unsplash-1024x681.jpg 1024w, https:\/\/www.camping-masdenicolas.com\/wp-content\/uploads\/2023\/11\/james-orr-gbXSb-bTb84-unsplash-768x510.jpg 768w, https:\/\/www.camping-masdenicolas.com\/wp-content\/uploads\/2023\/11\/james-orr-gbXSb-bTb84-unsplash-1536x1021.jpg 1536w\" sizes=\"(max-width: 1920px) 100vw, 1920px\" title=\"\"><\/figure>\n\n\n\n<figure class=\"wp-block-image size-full fc-auto\"><img decoding=\"async\" loading=\"lazy\" width=\"1920\" height=\"1280\" src=\"https:\/\/www.camping-masdenicolas.com\/wp-content\/uploads\/2023\/11\/xuan-nguyen-ricmOR_T2rM-unsplash.jpg\" alt=\"\" class=\"wp-image-234\" srcset=\"https:\/\/www.camping-masdenicolas.com\/wp-content\/uploads\/2023\/11\/xuan-nguyen-ricmOR_T2rM-unsplash.jpg 1920w, https:\/\/www.camping-masdenicolas.com\/wp-content\/uploads\/2023\/11\/xuan-nguyen-ricmOR_T2rM-unsplash-300x200.jpg 300w, https:\/\/www.camping-masdenicolas.com\/wp-content\/uploads\/2023\/11\/xuan-nguyen-ricmOR_T2rM-unsplash-1024x683.jpg 1024w, https:\/\/www.camping-masdenicolas.com\/wp-content\/uploads\/2023\/11\/xuan-nguyen-ricmOR_T2rM-unsplash-768x512.jpg 768w, https:\/\/www.camping-masdenicolas.com\/wp-content\/uploads\/2023\/11\/xuan-nguyen-ricmOR_T2rM-unsplash-1536x1024.jpg 1536w\" sizes=\"(max-width: 1920px) 100vw, 1920px\" title=\"\"><\/figure>\n\n\n\n<figure class=\"wp-block-image size-full fc-auto\"><img decoding=\"async\" loading=\"lazy\" width=\"1920\" height=\"1187\" src=\"https:\/\/www.camping-masdenicolas.com\/wp-content\/uploads\/2023\/11\/eric-masur-w9I2AZusAPQ-unsplash.jpg\" alt=\"\" class=\"wp-image-513\" srcset=\"https:\/\/www.camping-masdenicolas.com\/wp-content\/uploads\/2023\/11\/eric-masur-w9I2AZusAPQ-unsplash.jpg 1920w, https:\/\/www.camping-masdenicolas.com\/wp-content\/uploads\/2023\/11\/eric-masur-w9I2AZusAPQ-unsplash-300x185.jpg 300w, https:\/\/www.camping-masdenicolas.com\/wp-content\/uploads\/2023\/11\/eric-masur-w9I2AZusAPQ-unsplash-1024x633.jpg 1024w, https:\/\/www.camping-masdenicolas.com\/wp-content\/uploads\/2023\/11\/eric-masur-w9I2AZusAPQ-unsplash-768x475.jpg 768w, https:\/\/www.camping-masdenicolas.com\/wp-content\/uploads\/2023\/11\/eric-masur-w9I2AZusAPQ-unsplash-1536x950.jpg 1536w\" sizes=\"(max-width: 1920px) 100vw, 1920px\" title=\"\"><\/figure>\n\n\n\n<figure class=\"wp-block-image size-full fc-auto\"><img decoding=\"async\" loading=\"lazy\" width=\"1920\" height=\"1280\" src=\"https:\/\/www.camping-masdenicolas.com\/wp-content\/uploads\/2023\/11\/tim-oun-p2z6SobnzKY-unsplash.jpg\" alt=\"\" class=\"wp-image-516\" srcset=\"https:\/\/www.camping-masdenicolas.com\/wp-content\/uploads\/2023\/11\/tim-oun-p2z6SobnzKY-unsplash.jpg 1920w, https:\/\/www.camping-masdenicolas.com\/wp-content\/uploads\/2023\/11\/tim-oun-p2z6SobnzKY-unsplash-300x200.jpg 300w, https:\/\/www.camping-masdenicolas.com\/wp-content\/uploads\/2023\/11\/tim-oun-p2z6SobnzKY-unsplash-1024x683.jpg 1024w, https:\/\/www.camping-masdenicolas.com\/wp-content\/uploads\/2023\/11\/tim-oun-p2z6SobnzKY-unsplash-768x512.jpg 768w, https:\/\/www.camping-masdenicolas.com\/wp-content\/uploads\/2023\/11\/tim-oun-p2z6SobnzKY-unsplash-1536x1024.jpg 1536w\" sizes=\"(max-width: 1920px) 100vw, 1920px\" title=\"\"><\/figure>\n<\/figure>\n<\/div>\n\n\n\n<div class=\"is-layout-flow wp-block-column\">\n<h2 class=\"h3\">Speciaal voor jou ontworpen!<\/h2>\n\n\n\n<h3 class=\"h4\">Uw rechterhand: de Sun\u00ealia-app<\/h3>\n\n\n\n<p>Omdat vakantie alleen een bron van verwennerij zou moeten zijn, heeft Sun\u00ealia de applicatie ontwikkeld die uw verblijf verandert in een ervaring op maat.<\/p>\n\n\n\n<div class=\"wp-block-fc-gut-lire-plus fc-mob\"><p class=\"has-text-align-left btn-lire-plus\">Meer lezen<\/p><div class=\"content-lire-plus\">\n<p>Vergelijk accommodaties, vind je ideale bestemming volgens <em>jouw<\/em> criteria, stel je vertrekchecklist op, voeg onderweg een optie toe of schrijf je kind in bij Club Sunny&#8230; Volg de gids!<\/p>\n\n\n\n<p>Maak van je vakantie een onmiddellijke, persoonlijke ervaring, voor een steeds vrijere geest en geen stress.<\/p>\n<\/div><\/div>\n\n\n\n<h3 class=\"h4\">Word lid van de Sun\u00ealia Privilege Club<\/h3>\n\n\n\n<p>Elke klant kan zich abonneren op het Sun\u00ealia Privilege Programma. <strong>Toegang is eenvoudigweg door de aankoop van de klantenkaart, die op naam staat en gedematerialiseerd<\/strong> is (verkoopprijs \u20ac 35). Zodra je lid wordt, verzamel je punten (1 punt per \u20ac10) en profiteer je van gratis acties en speciale aanbiedingen. De kers op de taart? Voor 500 punten biedt Sun\u00ealia u een verblijf aan.<\/p>\n\n\n\n<div class=\"wp-block-fc-gut-lire-plus fc-mob\"><p class=\"has-text-align-left btn-lire-plus\">Meer lezen<\/p><div class=\"content-lire-plus\">\n<p>De voordelen van Club Privil\u00e8ge :  <\/p>\n\n\n\n<ul>\n<li>De <strong>boekingskosten worden kwijtgescholden<\/strong> voor de 1e boeking,  <\/li>\n\n\n\n<li>5% gratis op uw verblijf in het laagseizoen vanaf 300 punten,enkel voor verhuur, niet voor een staanplaats<\/li>\n\n\n\n<li>5% gratis op uw verblijf in het hoogseizoen vanaf 400 punten,enkel voor verhuur, niet voor een staanplaats<\/li>\n\n\n\n<li>Een <strong>gratis week<\/strong> in een Comfort-accommodatie met 2 slaapkamers in het laagseizoen op een van onze campings voor slechts 500 punten.<\/li>\n<\/ul>\n\n\n\n<div class=\"wp-block-fc-gut-lire-plus fc-desk\"><p class=\"has-text-align-left btn-lire-plus\">Meer lezen<\/p><div class=\"content-lire-plus\">\n<h3 class=\"h4\"><strong>Bescherm jezelf tegen onvoorziene gebeurtenissen<\/strong><\/h3>\n\n\n\n<p><strong>Ten eerste de grillen van het weer.<\/strong>  Als we je geen zonneschijn kunnen beloven, kunnen we het wel proberen.  <strong>Het Sun\u00ealia zonpakket is uniek.<\/strong>  Geen formaliteit en gratis, het gebruikt meteorologische gegevens van onze partner om het aantal dagen zonneschijn te berekenen. Als het niet genoeg is, ontvang je een tegoedbon die je bij je volgende verblijf kunt gebruiken.  <\/p>\n\n\n\n<p><strong>Dan zijn er nog de gevaren van het leven.<\/strong>  Annuleringsdekking in geval van overmacht is beschikbaar voor alle huurverblijven van 7 dagen of meer. Een ongeluk, verlies van werk, een gecompliceerde zwangerschap, een grenssluiting&#8230; Niemand denkt er graag over na, dus met de annuleringsgarantie van Sun\u00ealia kunt u het vergeten.<\/p>\n<\/div><\/div>\n<\/div><\/div>\n\n\n\n<div class=\"is-layout-flex wp-block-buttons\">\n<div class=\"wp-block-button\"><a class=\"wp-block-button__link wp-element-button\" href=\"https:\/\/www.sunelia.com\/fr\/france\/provence-alpes-cote-d-azur\/bouches-du-rhone\/saint-remy-de-provence\/mas-de-nicolas\/\" target=\"_blank\" rel=\"noreferrer noopener\">Vind ons op Sun\u00ealia<\/a><\/div>\n<\/div>\n<\/div>\n<\/div>\n<\/div>\n","protected":false},"excerpt":{"rendered":"<p>Sun\u00ealia, de belofte van een idyllische vakantie Met meer dan dertig onafhankelijke campings verenigt het Sun\u00ealia netwerk een familie van eigenaars die dezelfde drang naar innovatie en dezelfde hoge kwaliteitsnormen delen. Welkom in de wereld van Sun\u00ealia Vraag naar uitmuntendheid Kiezen voor Sun\u00ealia betekent kiezen voor kwaliteit. De groep bestaat uit campings met slechts 4 [&hellip;]<\/p>\n","protected":false},"author":1,"featured_media":0,"parent":0,"menu_order":0,"comment_status":"closed","ping_status":"closed","template":"","meta":[],"acf":[],"_links":{"self":[{"href":"https:\/\/www.camping-masdenicolas.com\/nl\/wp-json\/wp\/v2\/pages\/1385"}],"collection":[{"href":"https:\/\/www.camping-masdenicolas.com\/nl\/wp-json\/wp\/v2\/pages"}],"about":[{"href":"https:\/\/www.camping-masdenicolas.com\/nl\/wp-json\/wp\/v2\/types\/page"}],"author":[{"embeddable":true,"href":"https:\/\/www.camping-masdenicolas.com\/nl\/wp-json\/wp\/v2\/users\/1"}],"replies":[{"embeddable":true,"href":"https:\/\/www.camping-masdenicolas.com\/nl\/wp-json\/wp\/v2\/comments?post=1385"}],"version-history":[{"count":5,"href":"https:\/\/www.camping-masdenicolas.com\/nl\/wp-json\/wp\/v2\/pages\/1385\/revisions"}],"predecessor-version":[{"id":3257,"href":"https:\/\/www.camping-masdenicolas.com\/nl\/wp-json\/wp\/v2\/pages\/1385\/revisions\/3257"}],"wp:attachment":[{"href":"https:\/\/www.camping-masdenicolas.com\/nl\/wp-json\/wp\/v2\/media?parent=1385"}],"curies":[{"name":"wp","href":"https:\/\/api.w.org\/{rel}","templated":true}]}}